{"id":22,"date":"2014-12-29T16:02:30","date_gmt":"2014-12-29T14:02:30","guid":{"rendered":"http:\/\/www.cmbit.de\/wordpress\/?page_id=22"},"modified":"2014-12-29T18:11:38","modified_gmt":"2014-12-29T16:11:38","slug":"impressum","status":"publish","type":"page","link":"https:\/\/www.cmbit.de\/wordpress\/?page_id=22","title":{"rendered":"Impressum"},"content":{"rendered":"<p><strong>Die\u00a0Impressumspflicht entf\u00e4llt bei rein pers\u00f6nlichen oder famil\u00e4ren Zwecken (\u00a7 5 TMG, \u00a7 55 RStV) <\/strong><\/p>\n<p>Keine Informationspflichten bestehen nach \u00a7 5 TMG und \u00a7 55 RSTV, wenn die Webseite rein pers\u00f6nlichen oder famili\u00e4ren Zwecken dient: Nur &#8222;Anbieter von Telemedien, die nicht ausschlie\u00dflich pers\u00f6nlichen oder famili\u00e4ren Zwecken dienen&#8220; haben demnach eine Impressumspflicht.<\/p>\n<p>Um den rein pers\u00f6nlichen und famili\u00e4ren Zweck des Blogs nicht aufzuweichen, wurde die Kommentierungsfunktion abgeschaltet.<\/p>\n<p><a title=\"Impressumspflicht\" href=\"http:\/\/www.juraforum.de\/forum\/t\/impressum-neu-geregelt-keine-impressumspflicht-bei-privaten-oder-familiaeren-zwecken.145428\/\" target=\"_blank\">Weitere Infos zur Impressumspflicht<\/a><\/p>\n<p>&nbsp;<\/p>\n","protected":false},"excerpt":{"rendered":"<p>Die\u00a0Impressumspflicht entf\u00e4llt bei rein pers\u00f6nlichen oder famil\u00e4ren Zwecken (\u00a7 5 TMG, \u00a7 55 RStV) Keine Informationspflichten bestehen nach \u00a7 5 TMG und \u00a7 55 RSTV, wenn die Webseite rein pers\u00f6nlichen oder famili\u00e4ren Zwecken dient: Nur &#8222;Anbieter von Telemedien, die nicht ausschlie\u00dflich pers\u00f6nlichen oder famili\u00e4ren Zwecken dienen&#8220; haben demnach eine Impressumspflicht. Um den rein pers\u00f6nlichen und &hellip; <a href=\"https:\/\/www.cmbit.de\/wordpress\/?page_id=22\" class=\"more-link\"><span class=\"screen-reader-text\">Impressum<\/span> weiterlesen <span class=\"meta-nav\">&rarr;<\/span><\/a><\/p>\n","protected":false},"author":1,"featured_media":0,"parent":0,"menu_order":0,"comment_status":"closed","ping_status":"closed","template":"","meta":{"jetpack_post_was_ever_published":false,"footnotes":""},"class_list":["post-22","page","type-page","status-publish","hentry"],"jetpack_sharing_enabled":true,"_links":{"self":[{"href":"https:\/\/www.cmbit.de\/wordpress\/index.php?rest_route=\/wp\/v2\/pages\/22","targetHints":{"allow":["GET"]}}],"collection":[{"href":"https:\/\/www.cmbit.de\/wordpress\/index.php?rest_route=\/wp\/v2\/pages"}],"about":[{"href":"https:\/\/www.cmbit.de\/wordpress\/index.php?rest_route=\/wp\/v2\/types\/page"}],"author":[{"embeddable":true,"href":"https:\/\/www.cmbit.de\/wordpress\/index.php?rest_route=\/wp\/v2\/users\/1"}],"replies":[{"embeddable":true,"href":"https:\/\/www.cmbit.de\/wordpress\/index.php?rest_route=%2Fwp%2Fv2%2Fcomments&post=22"}],"version-history":[{"count":4,"href":"https:\/\/www.cmbit.de\/wordpress\/index.php?rest_route=\/wp\/v2\/pages\/22\/revisions"}],"predecessor-version":[{"id":35,"href":"https:\/\/www.cmbit.de\/wordpress\/index.php?rest_route=\/wp\/v2\/pages\/22\/revisions\/35"}],"wp:attachment":[{"href":"https:\/\/www.cmbit.de\/wordpress\/index.php?rest_route=%2Fwp%2Fv2%2Fmedia&parent=22"}],"curies":[{"name":"wp","href":"https:\/\/api.w.org\/{rel}","templated":true}]}}